{"id":3,"date":"2022-11-02T23:20:51","date_gmt":"2022-11-03T04:20:51","guid":{"rendered":"https:\/\/soltedeco.com\/?page_id=3"},"modified":"2023-03-24T09:12:28","modified_gmt":"2023-03-24T14:12:28","slug":"politica-privacidad","status":"publish","type":"page","link":"https:\/\/soltedeco.com\/es\/politica-privacidad\/","title":{"rendered":"Pol\u00edtica de privacidad"},"content":{"rendered":"<div class=\"vc_row wpb_row vc_row-fluid dt-default\" style=\"margin-top: 0px;margin-bottom: 0px\"><div class=\"wpb_column vc_column_container vc_col-sm-12\"><div class=\"vc_column-inner\"><div class=\"wpb_wrapper\"><div id=\"ultimate-heading-473169e74b356cbd3\" class=\"uvc-heading ult-adjust-bottom-margin ultimate-heading-473169e74b356cbd3 uvc-9445  uvc-heading-default-font-sizes\" data-hspacer=\"no_spacer\"  data-halign=\"center\" style=\"text-align:center\"><div class=\"uvc-heading-spacer no_spacer\" style=\"top\"><\/div><div class=\"uvc-main-heading ult-responsive\"  data-ultimate-target='.uvc-heading.ultimate-heading-473169e74b356cbd3 h2'  data-responsive-json-new='{\"font-size\":\"\",\"line-height\":\"\"}' ><h2 style=\"--font-weight:theme;\">Pol\u00edtica de Privacidad<\/h2><\/div><\/div>\n\t<div class=\"wpb_text_column wpb_content_element \" >\n\t\t<div class=\"wpb_wrapper\">\n\t\t\t<p><b>RESPONSABLE\u00a0<\/b><\/p>\n<p><b>NOMBRE: <\/b><span style=\"font-weight: 400;\">SOLUCIONES TECNOL\u00d3GICAS DE COLOMBIA S.A.S <\/span><b>NIT: <\/b><span style=\"font-weight: 400;\">900.411.297-9\u00a0<\/span><\/p>\n<p><b>DOMICILIO: <\/b><span style=\"font-weight: 400;\">CALLE 89 No 25-145 BARRIO DIAMANTE II <\/span><b>CIUDAD: <\/b><span style=\"font-weight: 400;\">BUCARAMANGA\u00a0<\/span><\/p>\n<p><b>CORREO ELECTR\u00d3NICO: <\/b><span style=\"font-weight: 400;\">DIRECTOR.ADMINISTRATIVO@SOLTEDECO.COM <\/span><b>TELEFONO<\/b><span style=\"font-weight: 400;\">: (607) 6975004\u00a0<\/span><\/p>\n<p><b>FINALIDAD Y EFECTOS DE LA RECOLECCI\u00d3N Y TRATAMIENTO DE DATOS PERSONALES\u00a0<\/b><\/p>\n<p><b>SOLUCIONES TECNOLOGICAS DE COLOMBIA S.A.S, SOLTEDECO S.AS., <\/b><span style=\"font-weight: 400;\">quien act\u00faa como responsable del tratamiento de los Datos Personales, recolectar\u00e1 a trav\u00e9s de sus diferentes canales autorizados bajo la pol\u00edtica de protecci\u00f3n de datos personales estipulada, los cuales ser\u00e1n usados para:\u00a0<\/span><\/p>\n<p><b>1) <\/b><span style=\"font-weight: 400;\">Desarrollar el proceso de selecci\u00f3n, evaluaci\u00f3n, y vinculaci\u00f3n laboral.<\/span><\/p>\n<p><b>2) <\/b><span style=\"font-weight: 400;\">Actualizaci\u00f3n de nuestras bases de datos.\u00a0<\/span><\/p>\n<p><b>3) <\/b><span style=\"font-weight: 400;\">Consultas en Procuradur\u00eda general de la naci\u00f3n, DIGIN, Fiscal\u00eda general de la naci\u00f3n, centrales de riesgo, Contralor\u00eda, Polic\u00eda Nacional, Consultas en el SIMIT, RUNT y dem\u00e1s permitidas por la ley.\u00a0<\/span><\/p>\n<p><b>4) <\/b><span style=\"font-weight: 400;\">Ejecutar la relaci\u00f3n contractual existente con sus trabajadores, proveedores y clientes.\u00a0<\/span><\/p>\n<p><b>5) <\/b><span style=\"font-weight: 400;\">Dar cumplimiento al objeto social de la empresa que es la comercializaci\u00f3n, venta, distribuci\u00f3n e instalaci\u00f3n de Servicios de Televisi\u00f3n Satelital; Pospago, Prepago e Internet, como agente autorizado para DIRECTV Colombia Ltda.<\/span><\/p>\n<p><b>6) <\/b><span style=\"font-weight: 400;\">Proveer los servicios y\/o productos requeridos por los clientes.\u00a0<\/span><\/p>\n<p><b>7) <\/b><span style=\"font-weight: 400;\">Informar sobre nuevos productos o servicios.\u00a0<\/span><\/p>\n<p><b>8) <\/b><span style=\"font-weight: 400;\">Enviar de manera f\u00edsica, al correo electr\u00f3nico, celular o dispositivo m\u00f3vil o a trav\u00e9s de cualquier otro medio de comunicaci\u00f3n, informaci\u00f3n comercial, publicitaria o promocional sobre los productos y\/o servicios ofrecidos por la empresa.\u00a0<\/span><\/p>\n<p><b>9) <\/b><span style=\"font-weight: 400;\">Ejecutar la relaci\u00f3n contractual existente con sus proveedores.\u00a0<\/span><\/p>\n<p><b>10) <\/b><span style=\"font-weight: 400;\">Dejar registro para contabilidad con el fin de clasificar las operaciones mercantiles realizadas a diario.\u00a0<\/span><\/p>\n<p><b>11) <\/b><span style=\"font-weight: 400;\">Brindar a la Asamblea de accionistas informaci\u00f3n pertinente referente a los resultados de la Compa\u00f1\u00eda, a trav\u00e9s de clasificaci\u00f3n y organizaci\u00f3n de las operaciones contables realizadas con terceros.<\/span><\/p>\n<p><b>12) <\/b><span style=\"font-weight: 400;\">Dejar registro pertinente para efectos en materia tributaria reglamentada en Colombia, al identificar cada operaci\u00f3n mercantil realizada con un tercero.<\/span><\/p>\n<p><b>13) <\/b><span style=\"font-weight: 400;\">Elaborar los reportes de Medios Magn\u00e9ticos para la Direcci\u00f3n de Impuestos y Aduanas Nacionales de Colombia de las transacciones comerciales realizadas por la Compa\u00f1\u00eda.\u00a0<\/span><\/p>\n<p><b>14) <\/b><span style=\"font-weight: 400;\">Reportar y consulta a centrales de riesgo crediticio a clientes, proveedores, y empleados morosos.\u00a0<\/span><\/p>\n<p><b>15) <\/b><span style=\"font-weight: 400;\">Gestionar toda la informaci\u00f3n necesaria para el cumplimiento de las obligaciones laborales, de seguridad social, tributaria, comercial y contables de la empresa.<\/span><\/p>\n<p><b>16) <\/b><span style=\"font-weight: 400;\">Evaluar la calidad de los servicios y asesor\u00edas, hacer estad\u00edsticas, y realizar estudios sobre su mercadeo y oferta de sus servicios.\u00a0<\/span><\/p>\n<p><b>17) <\/b><span style=\"font-weight: 400;\">Promocionar la empresa en actividades de congresos, simposios, jornadas de actualizaci\u00f3n o cualquier otra.\u00a0<\/span><\/p>\n<p><b>18) <\/b><span style=\"font-weight: 400;\">Promocionar la empresa y\/o sus actividades a trav\u00e9s de medios de comunicaci\u00f3n tales como en:\u00a0<\/span><\/p>\n<ul>\n<li><span style=\"font-weight: 400;\">Revistas, peri\u00f3dicos, publicaciones, carteleras o folletos publicitarios de \u00e1mbito local o nacional.\u00a0<\/span><\/li>\n<li><span style=\"font-weight: 400;\">Filmaciones destinadas a la difusi\u00f3n de las actividades propias de la empresa\u00a0<\/span><\/li>\n<li><span style=\"font-weight: 400;\">Medios de comunicaci\u00f3n y\u00a0<\/span><\/li>\n<li><span style=\"font-weight: 400;\">P\u00e1gina web de la empresa.\u00a0<\/span><\/li>\n<\/ul>\n<p><b>19) <\/b><span style=\"font-weight: 400;\">En general para desarrollar el objeto social de la empresa y ejercer los derechos o cumplir con las obligaciones a su cargo.\u00a0<\/span><\/p>\n<p><span style=\"font-weight: 400;\">La informaci\u00f3n suministrada por el titular ser\u00e1 utilizada s\u00f3lo para los fines aqu\u00ed se\u00f1alados, por tanto, SOLTEDECO S.A.S no compartir\u00e1, transferir\u00e1 o divulgar\u00e1 la informaci\u00f3n.\u00a0<\/span><\/p>\n<p><b>DERECHOS DEL TITULAR\u00a0<\/b><\/p>\n<p><span style=\"font-weight: 400;\">SOLTEDECO S.A.S en virtud del cumplimiento de lo exigido por la Ley 1581 de 2012, se compromete a respetar y garantizar los derechos de los titulares de sus bases de datos:\u00a0<\/span><\/p>\n<p><span style=\"font-weight: 400;\">1) Conocer, actualizar y rectificar sus datos personales en SOLTEDECO S.A.S., de tal manera que se satisfagan el fin del tratamiento.\u00a0<\/span><\/p>\n<p><span style=\"font-weight: 400;\">2) Solicitar copia de la autorizaci\u00f3n otorgada a SOLTEDECO S.A.S para el tratamiento de sus datos personales.<\/span><\/p>\n<p><span style=\"font-weight: 400;\">3) Ser informado por SOLTEDECO S.A.S, respecto al uso que se da a sus datos personales.\u00a0<\/span><\/p>\n<p><span style=\"font-weight: 400;\">4) Identificaci\u00f3n, direcci\u00f3n f\u00edsica o electr\u00f3nica y tel\u00e9fono del Responsable del Tratamiento.\u00a0<\/span><\/p>\n<p><span style=\"font-weight: 400;\">5) Acceder de forma gratuita a sus datos personales que hayan sido objeto de Tratamiento, La informaci\u00f3n solicitada podr\u00e1 ser suministrada por cualquier medio, incluyendo los electr\u00f3nicos, seg\u00fan lo requiera el Titular. La informaci\u00f3n deber\u00e1 ser de f\u00e1cil lectura, sin barreras t\u00e9cnicas que impidan su acceso y deber\u00e1 corresponder en un todo a aquella que repose en la base de datos.\u00a0<\/span><\/p>\n<p><span style=\"font-weight: 400;\">6) Revocar la autorizaci\u00f3n y\/o solicitar la supresi\u00f3n del dato cuando en el Tratamiento no se respeten los principios, derechos y garant\u00edas constitucionales y legales. La revocatoria y\/o supresi\u00f3n proceder\u00e1 cuando la Superintendencia de Industria y Comercio haya determinado que en el Tratamiento el Responsable o Encargado han incurrido en conductas contrarias a esta ley y a la Constituci\u00f3n.\u00a0<\/span><\/p>\n<p><span style=\"font-weight: 400;\">7) <\/span><span style=\"font-weight: 400;\">Presentar ante la Superintendencia de Industria y Comercio quejas por infracciones a lo dispuesto en la presente ley y las dem\u00e1s normas que la modifiquen, adicionen o complementen.\u00a0<\/span><\/p>\n<p><b>AREA RESPONSABLE PARA EL EJERCICIO DE LOS DERECHOS DE LOS TITULARES DE BASES DE DATOS PERSONALES\u00a0<\/b><\/p>\n<p><span style=\"font-weight: 400;\">SOLTEDECO S.A.S ha estipulado al \u00e1rea administrativa, como el responsable de recepcionar y atender las peticiones, quejas y reclamos que manifieste el titular del dato en ejercicio de los derechos contemplados en la presente Pol\u00edtica, as\u00ed mismo cuando considere corregir, actualizar o suprimir la informaci\u00f3n.\u00a0<\/span><\/p>\n<p><span style=\"font-weight: 400;\">El titular del dato personal o quien ejerza su representaci\u00f3n podr\u00e1 enviar su petici\u00f3n, queja o reclamo mediante los siguientes <\/span><b>Canales de Atenci\u00f3n<\/b><span style=\"font-weight: 400;\">:\u00a0<\/span><\/p>\n<ol>\n<li><span style=\"font-weight: 400;\"> Por correo electr\u00f3nico dirigido a director.administrativo@soltedeco.com\u00a0<\/span><\/li>\n<li><span style=\"font-weight: 400;\"> Llamar al <\/span><b>(607) 6975004<\/b><span style=\"font-weight: 400;\">, la oficina Principal de SOLTEDECO S.A.S.\u00a0<\/span><\/li>\n<li><span style=\"font-weight: 400;\"> Por medio escrito enviado a oficina principal de SOLTEDECO S.A.S, ubicada en la <\/span><b>Calle 89 #25-135-145 Barrio Diamante II, Bucaramanga <\/b><span style=\"font-weight: 400;\">(Santander).<\/span><\/li>\n<\/ol>\n<p><b>MEDIDAS DE SEGURIDAD\u00a0<\/b><\/p>\n<p><span style=\"font-weight: 400;\">SOLTEDECO S.A.S, conservar\u00e1 los datos personales de los titulares de sus bases de datos ubicadas en Colombia, as\u00ed mismo adoptar\u00e1 las medidas t\u00e9cnicas, humanas y administrativas que sean necesarias para otorgar seguridad a los registros evitando su adulteraci\u00f3n, p\u00e9rdida, consulta, uso o acceso no autorizado o fraudulento. El personal que realice el tratamiento de los datos personales ejecutar\u00e1 los protocolos establecidos con el fin de garantizar la seguridad y confidencialidad de la informaci\u00f3n.\u00a0<\/span><\/p>\n<p><span style=\"font-weight: 400;\">Para el caso de los datos sensibles SOLTEDECO SAS establecer\u00e1 estrictas medidas de seguridad que garanticen la confidencialidad de la informaci\u00f3n del titular conforme lo establece la Superintendencia de Industria y Comercio, dichas medidas se cumplir\u00e1n tanto por el Responsable como el Encargado del tratamiento.\u00a0<\/span><\/p>\n<p><b>POLITICA DE TRATAMIENTO DE DATOS PERSONALES\u00a0<\/b><\/p>\n<p><span style=\"font-weight: 400;\">Los Titulares podr\u00e1n consultar la Pol\u00edtica de Tratamiento de Datos Personales de SOLTEDECO S.A.S, mediante p\u00e1gina web: <\/span><b>WWW.SOLTEDECO<\/b><b>.COM<\/b><span style=\"font-weight: 400;\">, Cualquier modificaci\u00f3n que se presente frente a esta Pol\u00edtica se informar\u00e1 mediante cualquier medio de comunicaci\u00f3n que SOLTEDECO S.A.S considere necesario, ya sea por comunicaci\u00f3n directa, escrito, correo electr\u00f3nico y\/o anuncio publicitario.\u00a0<\/span><\/p>\n<p><span style=\"font-weight: 400;\">Atte.\u00a0<\/span><\/p>\n<p><b>SOLUCIONES TECNOL\u00d3GICAS DE COLOMBIA S.A.S\u00a0<\/b><\/p>\n<p><b>SOLTEDECO S.A.S.<\/b><\/p>\n\n\t\t<\/div>\n\t<\/div>\n<\/div><\/div><\/div><\/div>","protected":false},"excerpt":{"rendered":"<p>Pol\u00edtica de Privacidad RESPONSABLE\u00a0 NOMBRE: SOLUCIONES TECNOL\u00d3GICAS DE COLOMBIA S.A.S NIT: 900.411.297-9\u00a0 DOMICILIO: CALLE 89 No 25-145 BARRIO DIAMANTE II CIUDAD: BUCARAMANGA\u00a0 CORREO ELECTR\u00d3NICO: DIRECTOR.ADMINISTRATIVO@SOLTEDECO.COM TELEFONO: (607) 6975004\u00a0 FINALIDAD Y EFECTOS DE LA RECOLECCI\u00d3N Y TRATAMIENTO DE DATOS PERSONALES\u00a0 SOLUCIONES TECNOLOGICAS DE COLOMBIA S.A.S, SOLTEDECO S.AS., quien act\u00faa como responsable del tratamiento de los Datos&hellip;<\/p>\n","protected":false},"author":1,"featured_media":0,"parent":0,"menu_order":0,"comment_status":"closed","ping_status":"open","template":"","meta":{"_themeisle_gutenberg_block_has_review":false,"footnotes":""},"class_list":["post-3","page","type-page","status-publish","hentry","description-off"],"_links":{"self":[{"href":"https:\/\/soltedeco.com\/es\/wp-json\/wp\/v2\/pages\/3","targetHints":{"allow":["GET"]}}],"collection":[{"href":"https:\/\/soltedeco.com\/es\/wp-json\/wp\/v2\/pages"}],"about":[{"href":"https:\/\/soltedeco.com\/es\/wp-json\/wp\/v2\/types\/page"}],"author":[{"embeddable":true,"href":"https:\/\/soltedeco.com\/es\/wp-json\/wp\/v2\/users\/1"}],"replies":[{"embeddable":true,"href":"https:\/\/soltedeco.com\/es\/wp-json\/wp\/v2\/comments?post=3"}],"version-history":[{"count":4,"href":"https:\/\/soltedeco.com\/es\/wp-json\/wp\/v2\/pages\/3\/revisions"}],"predecessor-version":[{"id":2365,"href":"https:\/\/soltedeco.com\/es\/wp-json\/wp\/v2\/pages\/3\/revisions\/2365"}],"wp:attachment":[{"href":"https:\/\/soltedeco.com\/es\/wp-json\/wp\/v2\/media?parent=3"}],"curies":[{"name":"wp","href":"https:\/\/api.w.org\/{rel}","templated":true}]}}