{"id":2341,"date":"2023-03-23T22:01:54","date_gmt":"2023-03-24T03:01:54","guid":{"rendered":"https:\/\/soltedeco.com\/?page_id=2341"},"modified":"2023-04-01T15:55:48","modified_gmt":"2023-04-01T20:55:48","slug":"servicios-tecnicos","status":"publish","type":"page","link":"https:\/\/soltedeco.com\/es\/servicios-tecnicos\/","title":{"rendered":"Servicios T\u00e9cnicos"},"content":{"rendered":"<div class=\"vc_row wpb_row vc_row-fluid vc_custom_1671215834055 vc_row-o-equal-height vc_row-o-content-middle vc_row-flex\"><div class=\"wpb_column vc_column_container vc_col-sm-12 vc_col-lg-6 vc_col-md-7 vc_col-xs-12\"><div class=\"vc_column-inner vc_custom_1680382535756\"><div class=\"wpb_wrapper\"><div class=\"aio-icon-component  vc_custom_1679950829128  color-title accent-icon-bg style_1\"><div id=\"Info-box-wrap-5138\" class=\"aio-icon-box left-icon\" style=\"\"  ><div class=\"aio-icon-left\"><div class=\"ult-just-icon-wrapper  \"><div class=\"align-icon\" style=\"text-align:center;\">\n<div class=\"aio-icon-img \" style=\"font-size:100px;display:inline-block;\" >\n\t<img decoding=\"async\" class=\"img-icon\" alt=\"null\" src=\"https:\/\/soltedeco.com\/wp-content\/uploads\/2023\/03\/Icono-Servicios-tecnicos-min.png\"\/>\n<\/div><\/div><\/div><\/div><div class=\"aio-ibd-block\"><div class=\"aio-icon-header\" ><h3 class=\"aio-icon-title ult-responsive\"  data-ultimate-target='#Info-box-wrap-5138 .aio-icon-title'  data-responsive-json-new='{\"font-size\":\"desktop:34px;\",\"line-height\":\"desktop:38px;\"}'  style=\"font-weight:bold;\">Servicios T\u00e9cnicos<\/h3><\/div> <!-- header --><div class=\"aio-icon-description ult-responsive\"  data-ultimate-target='#Info-box-wrap-5138 .aio-icon-description'  data-responsive-json-new='{\"font-size\":\"desktop:24px;\",\"line-height\":\"desktop:34px;\"}'  style=\"font-family:&#039;Roboto Condensed&#039;;font-weight:bold;\">Con nuestra compa\u00f1\u00eda puedes tercerizar tus servicios de instalaci\u00f3n de televisi\u00f3n e internet, este proceso ser\u00e1 respaldado con los m\u00e1s de 20 a\u00f1os de experiencia que tenemos en nuestra gesti\u00f3n. Garantizamos que tus clientes quedar\u00e1n satisfechos con la calidad del servicio prestado<span style=\"font-weight: 400;\">.<\/span><\/div> <!-- description --><\/div> <!-- aio-ibd-block --><\/div> <!-- aio-icon-box --><\/div> <!-- aio-icon-component -->\n\t<div class=\"wpb_text_column wpb_content_element  vc_custom_1679629877932\" >\n\t\t<div class=\"wpb_wrapper\">\n\t\t\t<p><span style=\"font-weight: 400;\">Contamos con una fuerza de trabajo en campo capacitada para atender la demanda de tus clientes, la cual est\u00e1 enfocada en cumplir los tiempos de las citas de instalaci\u00f3n de instalaci\u00f3n e internet previamente acordada con tus clientes. <\/span><\/p>\n\n\t\t<\/div>\n\t<\/div>\n<style type=\"text\/css\" data-type=\"the7_shortcodes-inline-css\">#default-btn-8e10796d96533851013728165480ce94.ico-right-side > i {\n  margin-right: 0px;\n  margin-left: 8px;\n}\n#default-btn-8e10796d96533851013728165480ce94 > i {\n  margin-right: 8px;\n}\n<\/style><a href=\"https:\/\/soltedeco.com\/contacto\/\" class=\"default-btn-shortcode dt-btn dt-btn-m link-hover-off btn-inline-left \" id=\"default-btn-8e10796d96533851013728165480ce94\" title=\"Contacto\"><span>Cont\u00e1ctanos<\/span><\/a><\/div><\/div><\/div><div class=\"wpb_column vc_column_container vc_col-sm-12 vc_col-lg-6 vc_col-md-5 vc_hidden-xs\"><div class=\"vc_column-inner vc_custom_1680382543134\"><div class=\"wpb_wrapper\">\n\t<div  class=\"wpb_single_image wpb_content_element vc_align_left  wpb_animate_when_almost_visible wpb_fadeIn fadeIn\">\n\t\t\n\t\t<figure class=\"wpb_wrapper vc_figure\">\n\t\t\t<div class=\"vc_single_image-wrapper   vc_box_border_grey\"><img loading=\"lazy\" decoding=\"async\" width=\"1600\" height=\"1000\" src=\"https:\/\/soltedeco.com\/wp-content\/uploads\/2023\/03\/Servicio-tecnico-min.jpg\" class=\"vc_single_image-img attachment-full\" alt=\"\" title=\"Servicio tecnico-min\" srcset=\"https:\/\/soltedeco.com\/wp-content\/uploads\/2023\/03\/Servicio-tecnico-min.jpg 1600w, https:\/\/soltedeco.com\/wp-content\/uploads\/2023\/03\/Servicio-tecnico-min-300x188.jpg 300w, https:\/\/soltedeco.com\/wp-content\/uploads\/2023\/03\/Servicio-tecnico-min-1024x640.jpg 1024w, https:\/\/soltedeco.com\/wp-content\/uploads\/2023\/03\/Servicio-tecnico-min-768x480.jpg 768w, https:\/\/soltedeco.com\/wp-content\/uploads\/2023\/03\/Servicio-tecnico-min-1536x960.jpg 1536w, https:\/\/soltedeco.com\/wp-content\/uploads\/2023\/03\/Servicio-tecnico-min-18x12.jpg 18w\" sizes=\"auto, (max-width: 1600px) 100vw, 1600px\"  data-dt-location=\"https:\/\/soltedeco.com\/es\/servicios\/servicio-tecnico-min\/\" \/><\/div>\n\t\t<\/figure>\n\t<\/div>\n<\/div><\/div><\/div><\/div><div class=\"vc_row wpb_row vc_row-fluid dt-default\" style=\"margin-top: 0px;margin-bottom: 0px\"><div class=\"wpb_column vc_column_container vc_col-sm-12\"><div class=\"vc_column-inner\"><div class=\"wpb_wrapper\"><div class=\"vc_separator wpb_content_element vc_separator_align_center vc_sep_width_100 vc_sep_pos_align_center vc_separator_no_text vc_sep_color_grey  wpb_animate_when_almost_visible wpb_fadeIn fadeIn wpb_animate_when_almost_visible wpb_fadeIn fadeIn\" ><span class=\"vc_sep_holder vc_sep_holder_l\"><span  class=\"vc_sep_line\"><\/span><\/span><span class=\"vc_sep_holder vc_sep_holder_r\"><span  class=\"vc_sep_line\"><\/span><\/span>\n<\/div><div id=\"ultimate-heading-672669e74b7583c08\" class=\"uvc-heading ult-adjust-bottom-margin ultimate-heading-672669e74b7583c08 uvc-734 \" data-hspacer=\"no_spacer\"  data-halign=\"center\" style=\"text-align:center\"><div class=\"uvc-heading-spacer no_spacer\" style=\"top\"><\/div><div class=\"uvc-main-heading ult-responsive\"  data-ultimate-target='.uvc-heading.ultimate-heading-672669e74b7583c08 h2'  data-responsive-json-new='{\"font-size\":\"desktop:24px;\",\"line-height\":\"desktop:34px;\"}' ><h2 style=\"font-weight:bold;\">\u00bfC\u00f3mo lo hacemos?<\/h2><\/div><\/div>\n\t<div class=\"wpb_text_column wpb_content_element  vc_custom_1680362946250\" >\n\t\t<div class=\"wpb_wrapper\">\n\t\t\t<p style=\"text-align: center;\"><span style=\"font-weight: 400;\">Hemos incluido en nuestro proceso operativo, indicadores y gesti\u00f3n de contact center que nos permite ser m\u00e1s productivos y eficientes.<\/span><\/p>\n\n\t\t<\/div>\n\t<\/div>\n<\/div><\/div><\/div><\/div><div class=\"vc_row wpb_row vc_row-fluid dt-default\" style=\"margin-top: 0px;margin-bottom: 0px\"><div class=\"wpb_column vc_column_container vc_col-sm-12\"><div class=\"vc_column-inner\"><div class=\"wpb_wrapper\"><style type=\"text\/css\" data-type=\"the7_shortcodes-inline-css\">.carousel-shortcode.carousel-shortcode-id-3434e688173122b5898e064e7998993d .owl-nav a {\n  width: 36px;\n  height: 36px;\n  border-radius: 500px;\n}\n.dt-arrow-border-on.carousel-shortcode.carousel-shortcode-id-3434e688173122b5898e064e7998993d .owl-nav a:not(:hover):before {\n  border-width: 0px;\n}\n.dt-arrow-hover-border-on.carousel-shortcode.carousel-shortcode-id-3434e688173122b5898e064e7998993d .owl-nav a:hover:after {\n  border-width: 0px;\n}\n.carousel-shortcode.carousel-shortcode-id-3434e688173122b5898e064e7998993d .owl-nav a.owl-prev {\n  top: 50%;\n  transform: translateY(calc(-50% + 0px));\n  left: -43px;\n}\n@media all and (-ms-high-contrast: none) {\n  .carousel-shortcode.carousel-shortcode-id-3434e688173122b5898e064e7998993d .owl-nav a.owl-prev {\n    transform: translateY(-50%);\n    margin-top: 0px;\n  }\n}\n.carousel-shortcode.carousel-shortcode-id-3434e688173122b5898e064e7998993d .owl-nav a.owl-prev i {\n  padding: 0px 0px 0px 0px;\n}\n.carousel-shortcode.carousel-shortcode-id-3434e688173122b5898e064e7998993d .owl-nav a.owl-next {\n  top: 50%;\n  transform: translateY(calc(-50% + 0px));\n  right: -43px;\n}\n@media all and (-ms-high-contrast: none) {\n  .carousel-shortcode.carousel-shortcode-id-3434e688173122b5898e064e7998993d .owl-nav a.owl-next {\n    transform: translateY(-50%);\n    margin-top: 0px;\n  }\n}\n.carousel-shortcode.carousel-shortcode-id-3434e688173122b5898e064e7998993d .owl-nav a.owl-next i {\n  padding: 0px 0px 0px 0px;\n}\n.carousel-shortcode.carousel-shortcode-id-3434e688173122b5898e064e7998993d .owl-nav i {\n  font-size: 18px;\n}\n.carousel-shortcode.carousel-shortcode-id-3434e688173122b5898e064e7998993d .owl-nav a:not(:hover) i,\n.carousel-shortcode.carousel-shortcode-id-3434e688173122b5898e064e7998993d .owl-nav a:not(:hover) i:before {\n  color: #ffffff;\n  background: none;\n}\n.carousel-shortcode.carousel-shortcode-id-3434e688173122b5898e064e7998993d .owl-nav a:hover i,\n.carousel-shortcode.carousel-shortcode-id-3434e688173122b5898e064e7998993d .owl-nav a:hover i:before {\n  color: rgba(255,255,255,0.75);\n  background: none;\n}\n.carousel-shortcode.carousel-shortcode-id-3434e688173122b5898e064e7998993d .owl-dots {\n  top: calc(100% + 20px);\n  left: 50%;\n  transform: translateX(calc(-50% + 0px));\n}\n@media all and (-ms-high-contrast: none) {\n  .carousel-shortcode.carousel-shortcode-id-3434e688173122b5898e064e7998993d .owl-dots {\n    transform: translateX(-50%);\n    margin-left: 0px;\n  }\n}\n.carousel-shortcode.carousel-shortcode-id-3434e688173122b5898e064e7998993d .owl-dot {\n  width: 10px;\n  height: 10px;\n  margin: 0 8px;\n}\n@media screen and (max-width: 778px) {\n  .carousel-shortcode.carousel-shortcode-id-3434e688173122b5898e064e7998993d.hide-arrows .owl-nav a {\n    display: none;\n  }\n}\n@media screen and (max-width: 778px) {\n  .carousel-shortcode.carousel-shortcode-id-3434e688173122b5898e064e7998993d.reposition-arrows .owl-nav .owl-prev {\n    top: 50%;\n    transform: translateY(calc(-50% + 0px));\n    left: 10px;\n  }\n  .carousel-shortcode.carousel-shortcode-id-3434e688173122b5898e064e7998993d.reposition-arrows .owl-nav .owl-next {\n    top: 50%;\n    transform: translateY(calc(-50% + 0px));\n    right: 10px;\n  }\n}\n@media screen and (max-width: 778px) and all and (-ms-high-contrast: none) {\n  .carousel-shortcode.carousel-shortcode-id-3434e688173122b5898e064e7998993d.reposition-arrows .owl-nav .owl-prev {\n    transform: translateY(-50%);\n    margin-top: 0px;\n  }\n}\n@media screen and (max-width: 778px) and all and (-ms-high-contrast: none) {\n  .carousel-shortcode.carousel-shortcode-id-3434e688173122b5898e064e7998993d.reposition-arrows .owl-nav .owl-next {\n    transform: translateY(-50%);\n    margin-top: 0px;\n  }\n}\n<\/style><div class=\"owl-carousel carousel-shortcode dt-owl-carousel-call carousel-shortcode-id-3434e688173122b5898e064e7998993d bullets-small-dot-stroke reposition-arrows arrows-bg-on dt-arrow-border-on dt-arrow-hover-border-on disable-arrows-hover-bg arrows-hover-bg-on  \" data-scroll-mode=\"page\" data-col-num=\"2\" data-wide-col-num=\"2\" data-laptop-col=\"2\" data-h-tablet-columns-num=\"2\" data-v-tablet-columns-num=\"2\" data-phone-columns-num=\"1\" data-auto-height=\"true\" data-col-gap=\"30\" data-stage-padding=\"0\" data-speed=\"600\" data-autoplay=\"false\" data-autoplay_speed=\"6000\" data-arrows=\"true\" data-bullet=\"false\" data-next-icon=\"icon-ar-017-r\" data-prev-icon=\"icon-ar-017-l\"><div class=\"aio-icon-component    style_2\"><div id=\"Info-box-wrap-3430\" class=\"aio-icon-box top-icon\" style=\"\"  ><div class=\"aio-icon-top\"><div class=\"ult-just-icon-wrapper  \"><div class=\"align-icon\" style=\"text-align:center;\">\n<div class=\"aio-icon none \" data-animation=\"fadeIn\" data-animation-delay=\"03\" style=\"color:#e0111c;font-size:70px;display:inline-block;\">\n\t<i class=\"fas fa-chart-pie\"><\/i>\n<\/div><\/div><\/div><\/div><div class=\"aio-icon-header\" ><h2 class=\"aio-icon-title ult-responsive\"  data-ultimate-target='#Info-box-wrap-3430 .aio-icon-title'  data-responsive-json-new='{\"font-size\":\"\",\"line-height\":\"\"}'  style=\"\">KPI\u00b4S<\/h2><\/div> <!-- header --><div class=\"aio-icon-description ult-responsive\"  data-ultimate-target='#Info-box-wrap-3430 .aio-icon-description'  data-responsive-json-new='{\"font-size\":\"\",\"line-height\":\"\"}'  style=\"\"><span style=\"font-weight: 400;\">Implementamos m\u00e9tricas que nos ayudan a cuantificar la gesti\u00f3n de nuestros t\u00e9cnicos en campo.<\/span><\/div> <!-- description --><\/div> <!-- aio-icon-box --><\/div> <!-- aio-icon-component --><div class=\"aio-icon-component    style_2\"><div id=\"Info-box-wrap-6715\" class=\"aio-icon-box top-icon\" style=\"\"  ><div class=\"aio-icon-top\"><div class=\"ult-just-icon-wrapper  \"><div class=\"align-icon\" style=\"text-align:center;\">\n<div class=\"aio-icon none \" data-animation=\"fadeIn\" data-animation-delay=\"03\" style=\"color:#e0111c;font-size:70px;display:inline-block;\">\n\t<i class=\"icomoon-the7-font-the7-phone-06\"><\/i>\n<\/div><\/div><\/div><\/div><div class=\"aio-icon-header\" ><h2 class=\"aio-icon-title ult-responsive\"  data-ultimate-target='#Info-box-wrap-6715 .aio-icon-title'  data-responsive-json-new='{\"font-size\":\"\",\"line-height\":\"\"}'  style=\"\">Contact center operaciones<\/h2><\/div> <!-- header --><div class=\"aio-icon-description ult-responsive\"  data-ultimate-target='#Info-box-wrap-6715 .aio-icon-description'  data-responsive-json-new='{\"font-size\":\"\",\"line-height\":\"\"}'  style=\"\"><span style=\"font-weight: 400;\">Tenemos un equipo operativo que se encarga de contactar a tu cliente y programar la visita de un t\u00e9cnico.<\/span><\/div> <!-- description --><\/div> <!-- aio-icon-box --><\/div> <!-- aio-icon-component --><\/div><\/div><\/div><\/div><\/div>\n","protected":false},"excerpt":{"rendered":"<p>Servicios T\u00e9cnicos Con nuestra compa\u00f1\u00eda puedes tercerizar tus servicios de instalaci\u00f3n de televisi\u00f3n e internet, este proceso ser\u00e1 respaldado con los m\u00e1s de 20 a\u00f1os de experiencia que tenemos en nuestra gesti\u00f3n. Garantizamos que tus clientes quedar\u00e1n satisfechos con la calidad del servicio prestado. Contamos con una fuerza de trabajo en campo capacitada para atender&hellip;<\/p>\n","protected":false},"author":1,"featured_media":0,"parent":0,"menu_order":20,"comment_status":"closed","ping_status":"closed","template":"","meta":{"_themeisle_gutenberg_block_has_review":false,"footnotes":""},"class_list":["post-2341","page","type-page","status-publish","hentry","description-off"],"_links":{"self":[{"href":"https:\/\/soltedeco.com\/es\/wp-json\/wp\/v2\/pages\/2341","targetHints":{"allow":["GET"]}}],"collection":[{"href":"https:\/\/soltedeco.com\/es\/wp-json\/wp\/v2\/pages"}],"about":[{"href":"https:\/\/soltedeco.com\/es\/wp-json\/wp\/v2\/types\/page"}],"author":[{"embeddable":true,"href":"https:\/\/soltedeco.com\/es\/wp-json\/wp\/v2\/users\/1"}],"replies":[{"embeddable":true,"href":"https:\/\/soltedeco.com\/es\/wp-json\/wp\/v2\/comments?post=2341"}],"version-history":[{"count":8,"href":"https:\/\/soltedeco.com\/es\/wp-json\/wp\/v2\/pages\/2341\/revisions"}],"predecessor-version":[{"id":2438,"href":"https:\/\/soltedeco.com\/es\/wp-json\/wp\/v2\/pages\/2341\/revisions\/2438"}],"wp:attachment":[{"href":"https:\/\/soltedeco.com\/es\/wp-json\/wp\/v2\/media?parent=2341"}],"curies":[{"name":"wp","href":"https:\/\/api.w.org\/{rel}","templated":true}]}}