{"id":2161,"date":"2022-12-16T12:46:47","date_gmt":"2022-12-16T17:46:47","guid":{"rendered":"https:\/\/soltedeco.com\/?page_id=2161"},"modified":"2023-04-01T15:54:54","modified_gmt":"2023-04-01T20:54:54","slug":"ventas","status":"publish","type":"page","link":"https:\/\/soltedeco.com\/es\/ventas\/","title":{"rendered":"Ventas"},"content":{"rendered":"<div id=\"retencion\" class=\"vc_row wpb_row vc_row-fluid vc_custom_1671216598845 vc_row-o-equal-height vc_row-o-content-middle vc_row-flex\"><div class=\"wpb_column vc_column_container vc_col-sm-12 vc_col-lg-6 vc_col-md-7 vc_col-xs-12\"><div class=\"vc_column-inner vc_custom_1680382460294\"><div class=\"wpb_wrapper\"><div class=\"aio-icon-component  vc_custom_1679950010430  color-title accent-icon-bg style_1\"><div id=\"Info-box-wrap-1763\" class=\"aio-icon-box left-icon\" style=\"\"  ><div class=\"aio-icon-left\"><div class=\"ult-just-icon-wrapper  \"><div class=\"align-icon\" style=\"text-align:center;\">\n<div class=\"aio-icon-img \" style=\"font-size:100px;display:inline-block;\" >\n\t<img decoding=\"async\" class=\"img-icon\" alt=\"null\" src=\"https:\/\/soltedeco.com\/wp-content\/uploads\/2023\/03\/Icono-Distribucion-min.png\"\/>\n<\/div><\/div><\/div><\/div><div class=\"aio-ibd-block\"><div class=\"aio-icon-header\" ><h3 class=\"aio-icon-title ult-responsive\"  data-ultimate-target='#Info-box-wrap-1763 .aio-icon-title'  data-responsive-json-new='{\"font-size\":\"desktop:34px;\",\"line-height\":\"desktop:38px;\"}'  style=\"font-weight:bold;\">Distribuci\u00f3n<\/h3><\/div> <!-- header --><div class=\"aio-icon-description ult-responsive\"  data-ultimate-target='#Info-box-wrap-1763 .aio-icon-description'  data-responsive-json-new='{\"font-size\":\"desktop:24px;\",\"line-height\":\"desktop:34px;\"}'  style=\"font-family:&#039;Roboto Condensed&#039;;font-weight:bold;\">Por medio de nuestra amplia red de distribuci\u00f3n con presencia a nivel nacional acercamos a tu marca con tus usuarios finales a las zonas donde no puedas llegar directamente con tus productos.<\/div> <!-- description --><\/div> <!-- aio-ibd-block --><\/div> <!-- aio-icon-box --><\/div> <!-- aio-icon-component -->\n\t<div class=\"wpb_text_column wpb_content_element  vc_custom_1679628031833\" >\n\t\t<div class=\"wpb_wrapper\">\n\t\t\t<p><span style=\"font-weight: 400;\">Pondremos a tu disposici\u00f3n nuestra red de distribuci\u00f3n con m\u00e1s de 20 a\u00f1os de experiencia para distribuir productos de electr\u00f3nica, electrohogar e inform\u00e1tica.<\/span><\/p>\n\n\t\t<\/div>\n\t<\/div>\n<style type=\"text\/css\" data-type=\"the7_shortcodes-inline-css\">#default-btn-8e10796d96533851013728165480ce94.ico-right-side > i {\n  margin-right: 0px;\n  margin-left: 8px;\n}\n#default-btn-8e10796d96533851013728165480ce94 > i {\n  margin-right: 8px;\n}\n<\/style><a href=\"https:\/\/soltedeco.com\/contacto\/\" class=\"default-btn-shortcode dt-btn dt-btn-m link-hover-off btn-inline-left \" id=\"default-btn-8e10796d96533851013728165480ce94\" title=\"Contacto\"><span>Cont\u00e1ctanos<\/span><\/a><\/div><\/div><\/div><div class=\"wpb_column vc_column_container vc_col-sm-12 vc_col-lg-6 vc_col-md-5 vc_hidden-xs\"><div class=\"vc_column-inner vc_custom_1680382469831\"><div class=\"wpb_wrapper\">\n\t<div  class=\"wpb_single_image wpb_content_element vc_align_left  wpb_animate_when_almost_visible wpb_fadeIn fadeIn\">\n\t\t\n\t\t<figure class=\"wpb_wrapper vc_figure\">\n\t\t\t<div class=\"vc_single_image-wrapper   vc_box_border_grey\"><img loading=\"lazy\" decoding=\"async\" width=\"1600\" height=\"1000\" src=\"https:\/\/soltedeco.com\/wp-content\/uploads\/2023\/03\/Distribucion-min.jpg\" class=\"vc_single_image-img attachment-full\" alt=\"\" title=\"Distribuci\u00f3n-min\" srcset=\"https:\/\/soltedeco.com\/wp-content\/uploads\/2023\/03\/Distribucion-min.jpg 1600w, https:\/\/soltedeco.com\/wp-content\/uploads\/2023\/03\/Distribucion-min-300x188.jpg 300w, https:\/\/soltedeco.com\/wp-content\/uploads\/2023\/03\/Distribucion-min-1024x640.jpg 1024w, https:\/\/soltedeco.com\/wp-content\/uploads\/2023\/03\/Distribucion-min-768x480.jpg 768w, https:\/\/soltedeco.com\/wp-content\/uploads\/2023\/03\/Distribucion-min-1536x960.jpg 1536w, https:\/\/soltedeco.com\/wp-content\/uploads\/2023\/03\/Distribucion-min-18x12.jpg 18w\" sizes=\"auto, (max-width: 1600px) 100vw, 1600px\"  data-dt-location=\"https:\/\/soltedeco.com\/es\/ventas\/distribucion-min\/\" \/><\/div>\n\t\t<\/figure>\n\t<\/div>\n<\/div><\/div><\/div><\/div><div class=\"vc_row wpb_row vc_row-fluid vc_custom_1671216642557 vc_row-o-equal-height vc_row-o-content-middle vc_row-flex\"><div class=\"wpb_column vc_column_container vc_col-sm-12 vc_col-lg-6 vc_col-md-7 vc_hidden-xs\"><div class=\"vc_column-inner vc_custom_1680382479626\"><div class=\"wpb_wrapper\">\n\t<div  class=\"wpb_single_image wpb_content_element vc_align_left  wpb_animate_when_almost_visible wpb_fadeIn fadeIn\">\n\t\t\n\t\t<figure class=\"wpb_wrapper vc_figure\">\n\t\t\t<div class=\"vc_single_image-wrapper   vc_box_border_grey\"><img loading=\"lazy\" decoding=\"async\" width=\"1600\" height=\"1000\" src=\"https:\/\/soltedeco.com\/wp-content\/uploads\/2022\/12\/Servicios-Ventas-administracion-integral-de-fuerza-de-venta-min.jpg\" class=\"vc_single_image-img attachment-full\" alt=\"\" title=\"Servicios - Ventas - administracion integral de fuerza de venta-min\" srcset=\"https:\/\/soltedeco.com\/wp-content\/uploads\/2022\/12\/Servicios-Ventas-administracion-integral-de-fuerza-de-venta-min.jpg 1600w, https:\/\/soltedeco.com\/wp-content\/uploads\/2022\/12\/Servicios-Ventas-administracion-integral-de-fuerza-de-venta-min-300x188.jpg 300w, https:\/\/soltedeco.com\/wp-content\/uploads\/2022\/12\/Servicios-Ventas-administracion-integral-de-fuerza-de-venta-min-1024x640.jpg 1024w, https:\/\/soltedeco.com\/wp-content\/uploads\/2022\/12\/Servicios-Ventas-administracion-integral-de-fuerza-de-venta-min-768x480.jpg 768w, https:\/\/soltedeco.com\/wp-content\/uploads\/2022\/12\/Servicios-Ventas-administracion-integral-de-fuerza-de-venta-min-1536x960.jpg 1536w\" sizes=\"auto, (max-width: 1600px) 100vw, 1600px\"  data-dt-location=\"https:\/\/soltedeco.com\/es\/ventas\/servicios-ventas-administracion-integral-de-fuerza-de-venta-min\/\" \/><\/div>\n\t\t<\/figure>\n\t<\/div>\n<\/div><\/div><\/div><div class=\"wpb_column vc_column_container vc_col-sm-12 vc_col-lg-6 vc_col-md-5 vc_col-xs-12\"><div class=\"vc_column-inner vc_custom_1680382487724\"><div class=\"wpb_wrapper\"><div class=\"aio-icon-component  vc_custom_1679628264098  color-title accent-icon-bg style_1\"><div id=\"Info-box-wrap-3550\" class=\"aio-icon-box left-icon\" style=\"\"  ><div class=\"aio-icon-left\"><div class=\"ult-just-icon-wrapper  \"><div class=\"align-icon\" style=\"text-align:center;\">\n<div class=\"aio-icon-img \" style=\"font-size:100px;display:inline-block;\" >\n\t<img decoding=\"async\" class=\"img-icon\" alt=\"null\" src=\"https:\/\/soltedeco.com\/wp-content\/uploads\/2022\/12\/Iconos-faltantes-fuerza-de-ventas-min.png\"\/>\n<\/div><\/div><\/div><\/div><div class=\"aio-ibd-block\"><div class=\"aio-icon-header\" ><h3 class=\"aio-icon-title ult-responsive\"  data-ultimate-target='#Info-box-wrap-3550 .aio-icon-title'  data-responsive-json-new='{\"font-size\":\"desktop:34px;\",\"line-height\":\"desktop:38px;\"}'  style=\"font-weight:bold;\">Administracio\u0301n integral de fuerza de Venta<\/h3><\/div> <!-- header --><div class=\"aio-icon-description ult-responsive\"  data-ultimate-target='#Info-box-wrap-3550 .aio-icon-description'  data-responsive-json-new='{\"font-size\":\"desktop:24px;\",\"line-height\":\"desktop:34px;\"}'  style=\"font-family:&#039;Roboto Condensed&#039;;font-weight:bold;\">Ayudamos a tu empresa en la generaci\u00f3n de ventas de productos tangibles o intangibles. Apoyados en nuestro equipo comercial con presencia a nivel nacional podremos ampliar tu mercado.<\/div> <!-- description --><\/div> <!-- aio-ibd-block --><\/div> <!-- aio-icon-box --><\/div> <!-- aio-icon-component -->\n\t<div class=\"wpb_text_column wpb_content_element  vc_custom_1679628279950\" >\n\t\t<div class=\"wpb_wrapper\">\n\t\t\t<p><span style=\"font-weight: 400;\">Tenemos m\u00e1s de 20 a\u00f1os de experiencia en la gesti\u00f3n de equipos comerciales en <\/span><span style=\"font-weight: 400;\">m\u00faltiples sectores y en diferentes canales. Nuestros equipos de ventas, altamente<\/span> <span style=\"font-weight: 400;\">capacitados en habilidades comerciales, aseguran a nuestros clientes \u00f3ptimos<\/span> <span style=\"font-weight: 400;\">resultados en su negocio.<\/span><span style=\"font-weight: 400;\">\u00a0<\/span><\/p>\n<p><span style=\"font-weight: 400;\">Adaptamos equipos comerciales a las necesidades de tu empresa.<\/span><\/p>\n\n\t\t<\/div>\n\t<\/div>\n<style type=\"text\/css\" data-type=\"the7_shortcodes-inline-css\">#default-btn-8e10796d96533851013728165480ce94.ico-right-side > i {\n  margin-right: 0px;\n  margin-left: 8px;\n}\n#default-btn-8e10796d96533851013728165480ce94 > i {\n  margin-right: 8px;\n}\n<\/style><a href=\"https:\/\/soltedeco.com\/contacto\/\" class=\"default-btn-shortcode dt-btn dt-btn-m link-hover-off btn-inline-left \" id=\"default-btn-8e10796d96533851013728165480ce94\" title=\"Contacto\"><span>Cont\u00e1ctanos<\/span><\/a><\/div><\/div><\/div><\/div><div class=\"vc_row wpb_row vc_row-fluid dt-default\" style=\"margin-top: 0px;margin-bottom: 0px\"><div class=\"wpb_column vc_column_container vc_col-sm-12\"><div class=\"vc_column-inner\"><div class=\"wpb_wrapper\"><div class=\"vc_separator wpb_content_element vc_separator_align_center vc_sep_width_100 vc_sep_pos_align_center vc_separator_no_text vc_sep_color_grey  wpb_animate_when_almost_visible wpb_bounceIn bounceIn wpb_animate_when_almost_visible wpb_bounceIn bounceIn\" ><span class=\"vc_sep_holder vc_sep_holder_l\"><span  class=\"vc_sep_line\"><\/span><\/span><span class=\"vc_sep_holder vc_sep_holder_r\"><span  class=\"vc_sep_line\"><\/span><\/span>\n<\/div><div id=\"ultimate-heading-879269e75cfd07bd0\" class=\"uvc-heading ult-adjust-bottom-margin ultimate-heading-879269e75cfd07bd0 uvc-8629 \" data-hspacer=\"no_spacer\"  data-halign=\"center\" style=\"text-align:center\"><div class=\"uvc-heading-spacer no_spacer\" style=\"top\"><\/div><div class=\"uvc-main-heading ult-responsive\"  data-ultimate-target='.uvc-heading.ultimate-heading-879269e75cfd07bd0 h2'  data-responsive-json-new='{\"font-size\":\"desktop:24px;\",\"line-height\":\"desktop:34px;\"}' ><h2 style=\"font-weight:bold;\">\u00bfC\u00f3mo lo hacemos?<\/h2><\/div><\/div>\n\t<div class=\"wpb_text_column wpb_content_element  vc_custom_1680363016247\" >\n\t\t<div class=\"wpb_wrapper\">\n\t\t\t<p style=\"text-align: center;\"><span style=\"font-weight: 400;\">Dentro de nuestro proceso de gesti\u00f3n comercial desarrollamos m\u00faltiples canales de venta que nos permiten cumplir los objetivos\u00a0 comerciales de nuestros clientes.<\/span><\/p>\n\n\t\t<\/div>\n\t<\/div>\n<\/div><\/div><\/div><\/div><div class=\"vc_row wpb_row vc_row-fluid dt-default\" style=\"margin-top: 0px;margin-bottom: 0px\"><div class=\"wpb_column vc_column_container vc_col-sm-12\"><div class=\"vc_column-inner\"><div class=\"wpb_wrapper\"><style type=\"text\/css\" data-type=\"the7_shortcodes-inline-css\">.carousel-shortcode.carousel-shortcode-id-eb4f454b96aa8d61cc7e358fa1069a0f .owl-nav a {\n  width: 36px;\n  height: 36px;\n  border-radius: 500px;\n}\n.dt-arrow-border-on.carousel-shortcode.carousel-shortcode-id-eb4f454b96aa8d61cc7e358fa1069a0f .owl-nav a:not(:hover):before {\n  border-width: 0px;\n}\n.dt-arrow-hover-border-on.carousel-shortcode.carousel-shortcode-id-eb4f454b96aa8d61cc7e358fa1069a0f .owl-nav a:hover:after {\n  border-width: 0px;\n}\n.carousel-shortcode.carousel-shortcode-id-eb4f454b96aa8d61cc7e358fa1069a0f .owl-nav a.owl-prev {\n  top: 50%;\n  transform: translateY(calc(-50% + 0px));\n  left: -43px;\n}\n@media all and (-ms-high-contrast: none) {\n  .carousel-shortcode.carousel-shortcode-id-eb4f454b96aa8d61cc7e358fa1069a0f .owl-nav a.owl-prev {\n    transform: translateY(-50%);\n    margin-top: 0px;\n  }\n}\n.carousel-shortcode.carousel-shortcode-id-eb4f454b96aa8d61cc7e358fa1069a0f .owl-nav a.owl-prev i {\n  padding: 0px 0px 0px 0px;\n}\n.carousel-shortcode.carousel-shortcode-id-eb4f454b96aa8d61cc7e358fa1069a0f .owl-nav a.owl-next {\n  top: 50%;\n  transform: translateY(calc(-50% + 0px));\n  right: -43px;\n}\n@media all and (-ms-high-contrast: none) {\n  .carousel-shortcode.carousel-shortcode-id-eb4f454b96aa8d61cc7e358fa1069a0f .owl-nav a.owl-next {\n    transform: translateY(-50%);\n    margin-top: 0px;\n  }\n}\n.carousel-shortcode.carousel-shortcode-id-eb4f454b96aa8d61cc7e358fa1069a0f .owl-nav a.owl-next i {\n  padding: 0px 0px 0px 0px;\n}\n.carousel-shortcode.carousel-shortcode-id-eb4f454b96aa8d61cc7e358fa1069a0f .owl-nav i {\n  font-size: 18px;\n}\n.carousel-shortcode.carousel-shortcode-id-eb4f454b96aa8d61cc7e358fa1069a0f .owl-nav a:not(:hover) i,\n.carousel-shortcode.carousel-shortcode-id-eb4f454b96aa8d61cc7e358fa1069a0f .owl-nav a:not(:hover) i:before {\n  color: #ffffff;\n  background: none;\n}\n.carousel-shortcode.carousel-shortcode-id-eb4f454b96aa8d61cc7e358fa1069a0f .owl-nav a:hover i,\n.carousel-shortcode.carousel-shortcode-id-eb4f454b96aa8d61cc7e358fa1069a0f .owl-nav a:hover i:before {\n  color: rgba(255,255,255,0.75);\n  background: none;\n}\n.carousel-shortcode.carousel-shortcode-id-eb4f454b96aa8d61cc7e358fa1069a0f .owl-dots {\n  top: calc(100% + 20px);\n  left: 50%;\n  transform: translateX(calc(-50% + 0px));\n}\n@media all and (-ms-high-contrast: none) {\n  .carousel-shortcode.carousel-shortcode-id-eb4f454b96aa8d61cc7e358fa1069a0f .owl-dots {\n    transform: translateX(-50%);\n    margin-left: 0px;\n  }\n}\n.carousel-shortcode.carousel-shortcode-id-eb4f454b96aa8d61cc7e358fa1069a0f .owl-dot {\n  width: 10px;\n  height: 10px;\n  margin: 0 8px;\n}\n@media screen and (max-width: 778px) {\n  .carousel-shortcode.carousel-shortcode-id-eb4f454b96aa8d61cc7e358fa1069a0f.hide-arrows .owl-nav a {\n    display: none;\n  }\n}\n@media screen and (max-width: 778px) {\n  .carousel-shortcode.carousel-shortcode-id-eb4f454b96aa8d61cc7e358fa1069a0f.reposition-arrows .owl-nav .owl-prev {\n    top: 50%;\n    transform: translateY(calc(-50% + 0px));\n    left: 10px;\n  }\n  .carousel-shortcode.carousel-shortcode-id-eb4f454b96aa8d61cc7e358fa1069a0f.reposition-arrows .owl-nav .owl-next {\n    top: 50%;\n    transform: translateY(calc(-50% + 0px));\n    right: 10px;\n  }\n}\n@media screen and (max-width: 778px) and all and (-ms-high-contrast: none) {\n  .carousel-shortcode.carousel-shortcode-id-eb4f454b96aa8d61cc7e358fa1069a0f.reposition-arrows .owl-nav .owl-prev {\n    transform: translateY(-50%);\n    margin-top: 0px;\n  }\n}\n@media screen and (max-width: 778px) and all and (-ms-high-contrast: none) {\n  .carousel-shortcode.carousel-shortcode-id-eb4f454b96aa8d61cc7e358fa1069a0f.reposition-arrows .owl-nav .owl-next {\n    transform: translateY(-50%);\n    margin-top: 0px;\n  }\n}\n<\/style><div class=\"owl-carousel carousel-shortcode dt-owl-carousel-call carousel-shortcode-id-eb4f454b96aa8d61cc7e358fa1069a0f bullets-small-dot-stroke reposition-arrows arrows-bg-on dt-arrow-border-on dt-arrow-hover-border-on disable-arrows-hover-bg arrows-hover-bg-on  \" data-scroll-mode=\"page\" data-col-num=\"3\" data-wide-col-num=\"3\" data-laptop-col=\"3\" data-h-tablet-columns-num=\"3\" data-v-tablet-columns-num=\"2\" data-phone-columns-num=\"1\" data-auto-height=\"true\" data-col-gap=\"30\" data-stage-padding=\"0\" data-speed=\"600\" data-autoplay=\"false\" data-autoplay_speed=\"6000\" data-arrows=\"true\" data-bullet=\"false\" data-next-icon=\"icon-ar-017-r\" data-prev-icon=\"icon-ar-017-l\"><div class=\"aio-icon-component    style_2\"><div id=\"Info-box-wrap-6439\" class=\"aio-icon-box top-icon\" style=\"\"  ><div class=\"aio-icon-top\"><div class=\"ult-just-icon-wrapper  \"><div class=\"align-icon\" style=\"text-align:center;\">\n<div class=\"aio-icon none \" data-animation=\"fadeIn\" data-animation-delay=\"03\" style=\"color:#e0111c;font-size:70px;display:inline-block;\">\n\t<i class=\"fas fa-hands-helping\"><\/i>\n<\/div><\/div><\/div><\/div><div class=\"aio-icon-header\" ><h2 class=\"aio-icon-title ult-responsive\"  data-ultimate-target='#Info-box-wrap-6439 .aio-icon-title'  data-responsive-json-new='{\"font-size\":\"\",\"line-height\":\"\"}'  style=\"\">Red de aliados<\/h2><\/div> <!-- header --><div class=\"aio-icon-description ult-responsive\"  data-ultimate-target='#Info-box-wrap-6439 .aio-icon-description'  data-responsive-json-new='{\"font-size\":\"\",\"line-height\":\"\"}'  style=\"\"><span style=\"font-weight: 400;\">M\u00e1s de 60 puntos de ventas para distribuir tus productos o servicios.<\/span><\/div> <!-- description --><\/div> <!-- aio-icon-box --><\/div> <!-- aio-icon-component --><div class=\"aio-icon-component    style_2\"><div id=\"Info-box-wrap-4258\" class=\"aio-icon-box top-icon\" style=\"\"  ><div class=\"aio-icon-top\"><div class=\"ult-just-icon-wrapper  \"><div class=\"align-icon\" style=\"text-align:center;\">\n<div class=\"aio-icon none \" data-animation=\"fadeIn\" data-animation-delay=\"03\" style=\"color:#e0111c;font-size:70px;display:inline-block;\">\n\t<i class=\"dt-icon-the7-misc-006-1\"><\/i>\n<\/div><\/div><\/div><\/div><div class=\"aio-icon-header\" ><h2 class=\"aio-icon-title ult-responsive\"  data-ultimate-target='#Info-box-wrap-4258 .aio-icon-title'  data-responsive-json-new='{\"font-size\":\"\",\"line-height\":\"\"}'  style=\"\">Omnicanalidad<\/h2><\/div> <!-- header --><div class=\"aio-icon-description ult-responsive\"  data-ultimate-target='#Info-box-wrap-4258 .aio-icon-description'  data-responsive-json-new='{\"font-size\":\"\",\"line-height\":\"\"}'  style=\"\"><span style=\"font-weight: 400;\">Tenemos m\u00faltiples canales de comunicaci\u00f3n entre tus clientes y tu marca.<\/span><\/div> <!-- description --><\/div> <!-- aio-icon-box --><\/div> <!-- aio-icon-component --><div class=\"aio-icon-component    style_2\"><div id=\"Info-box-wrap-4580\" class=\"aio-icon-box top-icon\" style=\"\"  ><div class=\"aio-icon-top\"><div class=\"ult-just-icon-wrapper  \"><div class=\"align-icon\" style=\"text-align:center;\">\n<div class=\"aio-icon none \" data-animation=\"fadeIn\" data-animation-delay=\"03\" style=\"color:#e0111c;font-size:70px;display:inline-block;\">\n\t<i class=\"fas fa-hand-holding-usd\"><\/i>\n<\/div><\/div><\/div><\/div><div class=\"aio-icon-header\" ><h2 class=\"aio-icon-title ult-responsive\"  data-ultimate-target='#Info-box-wrap-4580 .aio-icon-title'  data-responsive-json-new='{\"font-size\":\"\",\"line-height\":\"\"}'  style=\"\">Upselling y Cross Selling<\/h2><\/div> <!-- header --><div class=\"aio-icon-description ult-responsive\"  data-ultimate-target='#Info-box-wrap-4580 .aio-icon-description'  data-responsive-json-new='{\"font-size\":\"\",\"line-height\":\"\"}'  style=\"\"><span style=\"font-weight: 400;\">Fomentamos la venta de servicios complementarios o la adquisici\u00f3n de productos superiores. Esto permite que tu empresa pueda tener mayores m\u00e1rgenes de beneficio.<\/span><\/div> <!-- description --><\/div> <!-- aio-icon-box --><\/div> <!-- aio-icon-component --><\/div><\/div><\/div><\/div><\/div>\n","protected":false},"excerpt":{"rendered":"<p>Distribuci\u00f3n Por medio de nuestra amplia red de distribuci\u00f3n con presencia a nivel nacional acercamos a tu marca con tus usuarios finales a las zonas donde no puedas llegar directamente con tus productos. Pondremos a tu disposici\u00f3n nuestra red de distribuci\u00f3n con m\u00e1s de 20 a\u00f1os de experiencia para distribuir productos de electr\u00f3nica, electrohogar e&hellip;<\/p>\n","protected":false},"author":1,"featured_media":0,"parent":0,"menu_order":20,"comment_status":"closed","ping_status":"closed","template":"","meta":{"_themeisle_gutenberg_block_has_review":false,"footnotes":""},"class_list":["post-2161","page","type-page","status-publish","hentry","description-off"],"_links":{"self":[{"href":"https:\/\/soltedeco.com\/es\/wp-json\/wp\/v2\/pages\/2161","targetHints":{"allow":["GET"]}}],"collection":[{"href":"https:\/\/soltedeco.com\/es\/wp-json\/wp\/v2\/pages"}],"about":[{"href":"https:\/\/soltedeco.com\/es\/wp-json\/wp\/v2\/types\/page"}],"author":[{"embeddable":true,"href":"https:\/\/soltedeco.com\/es\/wp-json\/wp\/v2\/users\/1"}],"replies":[{"embeddable":true,"href":"https:\/\/soltedeco.com\/es\/wp-json\/wp\/v2\/comments?post=2161"}],"version-history":[{"count":28,"href":"https:\/\/soltedeco.com\/es\/wp-json\/wp\/v2\/pages\/2161\/revisions"}],"predecessor-version":[{"id":2437,"href":"https:\/\/soltedeco.com\/es\/wp-json\/wp\/v2\/pages\/2161\/revisions\/2437"}],"wp:attachment":[{"href":"https:\/\/soltedeco.com\/es\/wp-json\/wp\/v2\/media?parent=2161"}],"curies":[{"name":"wp","href":"https:\/\/api.w.org\/{rel}","templated":true}]}}