{"id":2366,"date":"2023-03-24T09:14:40","date_gmt":"2023-03-24T14:14:40","guid":{"rendered":"https:\/\/soltedeco.com\/?page_id=2366"},"modified":"2023-03-24T09:45:15","modified_gmt":"2023-03-24T14:45:15","slug":"empleados","status":"publish","type":"page","link":"https:\/\/soltedeco.com\/en\/empleados\/","title":{"rendered":"Employees"},"content":{"rendered":"<div class=\"vc_row wpb_row vc_row-fluid vc_custom_1491729572963 vc_row-o-equal-height vc_row-flex\"><div class=\"wpb_column vc_column_container vc_col-sm-6\"><div class=\"vc_column-inner\"><div class=\"wpb_wrapper\"><div class=\"smile_icon_list_wrap ult_info_list_container ult-adjust-bottom-margin\"><ul class=\"smile_icon_list left hexagon\"><li class=\"icon_list_item\" style=\" font-size:90px;\"><div class=\"icon_list_icon\" data-animation=\"pulse\" data-animation-delay=\"03\" style=\"font-size:30px;background:#e0111c;color:#ffffff;border-color:#e0111c;\"><i class=\"fas fa-user-friends\" ><\/i><a class=\"ulimate-info-list-link\" href=\"http:\/\/nomina.servimercadeo.com:9080\/NOMINAWEB\/\" target=\"_blank\" rel=\"noopener\" ><\/a><\/div><div class=\"icon_description\" id=\"Info-list-wrap-8728\" style=\"font-size:30px;\"><h3 class=\"ult-responsive info-list-heading\"  data-ultimate-target='#Info-list-wrap-8728 h3'  data-responsive-json-new='{\"font-size\":\"desktop:20px;\",\"line-height\":\"desktop:30px;\"}'  style=\"font-weight:bold;\">Web Payroll<\/h3><div class=\"icon_description_text ult-responsive\"  data-ultimate-target='#Info-list-wrap-8728 .icon_description_text'  data-responsive-json-new='{\"font-size\":\"desktop:14px;\",\"line-height\":\"desktop:26px;\"}'  style=\"\"><p>Autogesti\u00f3n<\/p>\n<\/div><\/div><div class=\"icon_list_connector\"  style=\"border-right-width: 1px;border-right-style: dashed;border-color: rgba(51,51,51,0.4);\"><\/div><\/li><li class=\"icon_list_item\" style=\" font-size:90px;\"><div class=\"icon_list_icon\" data-animation=\"pulse\" data-animation-delay=\"03\" style=\"font-size:30px;background:#e0111c;color:#ffffff;border-color:#e0111c;\"><i class=\"fas fa-chart-bar\" ><\/i><a class=\"ulimate-info-list-link\" href=\"https:\/\/www.bitrix24.net\/oauth\/authorize\/?user_lang=la&client_id=site.5f4cb af30c10a9.31439944&redirect_uri=https%3A%2F%2Fwww.bitrix24.co%2Fauth%2F %3Fauth_service_id%3DBitrix24Net&scope=auth,client&response_type=code&mode =page&state=site_id%3Dco%26backurl%3D%252Fauth%252F%253Fcheck_key%2 53D6f96d3d102a9ffcae6020f0d9bdf18a6%26mode%3Dpage\" target=\"_blank\" rel=\"noopener\" ><\/a><\/div><div class=\"icon_description\" id=\"Info-list-wrap-7530\" style=\"font-size:30px;\"><h3 class=\"ult-responsive info-list-heading\"  data-ultimate-target='#Info-list-wrap-7530 h3'  data-responsive-json-new='{\"font-size\":\"desktop:20px;\",\"line-height\":\"desktop:30px;\"}'  style=\"font-weight:bold;\">Btrix24<\/h3><div class=\"icon_description_text ult-responsive\"  data-ultimate-target='#Info-list-wrap-7530 .icon_description_text'  data-responsive-json-new='{\"font-size\":\"desktop:14px;\",\"line-height\":\"desktop:26px;\"}'  style=\"\"><p>Plataforma Colaborativa<\/p>\n<\/div><\/div><div class=\"icon_list_connector\"  style=\"border-right-width: 1px;border-right-style: dashed;border-color: rgba(51,51,51,0.4);\"><\/div><\/li><\/ul><\/div><\/div><\/div><\/div><div class=\"wpb_column vc_column_container vc_col-sm-6\"><div class=\"vc_column-inner\"><div class=\"wpb_wrapper\"><div class=\"smile_icon_list_wrap ult_info_list_container ult-adjust-bottom-margin\"><ul class=\"smile_icon_list left hexagon\"><li class=\"icon_list_item\" style=\" font-size:90px;\"><div class=\"icon_list_icon\" data-animation=\"pulse\" data-animation-delay=\"03\" style=\"font-size:30px;background:#e0111c;color:#ffffff;border-color:#e0111c;\"><i class=\"fas fa-flag\" ><\/i><a class=\"ulimate-info-list-link\" href=\"https:\/\/inventario.soltedeco.com\/\" target=\"_blank\" rel=\"noopener\" ><\/a><\/div><div class=\"icon_description\" id=\"Info-list-wrap-2760\" style=\"font-size:30px;\"><h3 class=\"ult-responsive info-list-heading\"  data-ultimate-target='#Info-list-wrap-2760 h3'  data-responsive-json-new='{\"font-size\":\"desktop:20px;\",\"line-height\":\"desktop:30px;\"}'  style=\"font-weight:bold;\">Macaw<\/h3><div class=\"icon_description_text ult-responsive\"  data-ultimate-target='#Info-list-wrap-2760 .icon_description_text'  data-responsive-json-new='{\"font-size\":\"desktop:14px;\",\"line-height\":\"desktop:26px;\"}'  style=\"\"><p>Gesti\u00f3n Administrativa y Operativa<\/p>\n<\/div><\/div><div class=\"icon_list_connector\"  style=\"border-right-width: 1px;border-right-style: dashed;border-color: rgba(51,51,51,0.4);\"><\/div><\/li><li class=\"icon_list_item\" style=\" font-size:90px;\"><div class=\"icon_list_icon\" data-animation=\"pulse\" data-animation-delay=\"03\" style=\"font-size:30px;background:#e0111c;color:#ffffff;border-color:#e0111c;\"><i class=\"fas fa-headset\" ><\/i><a class=\"ulimate-info-list-link\" href=\"https:\/\/45.226.113.122\/\" ><\/a><\/div><div class=\"icon_description\" id=\"Info-list-wrap-8848\" style=\"font-size:30px;\"><h3 class=\"ult-responsive info-list-heading\"  data-ultimate-target='#Info-list-wrap-8848 h3'  data-responsive-json-new='{\"font-size\":\"desktop:20px;\",\"line-height\":\"desktop:30px;\"}'  style=\"font-weight:bold;\">Issabel<\/h3><div class=\"icon_description_text ult-responsive\"  data-ultimate-target='#Info-list-wrap-8848 .icon_description_text'  data-responsive-json-new='{\"font-size\":\"desktop:14px;\",\"line-height\":\"desktop:26px;\"}'  style=\"\"><p>Portal Contact Center<\/p>\n<\/div><\/div><div class=\"icon_list_connector\"  style=\"border-right-width: 1px;border-right-style: dashed;border-color: rgba(51,51,51,0.4);\"><\/div><\/li><\/ul><\/div><\/div><\/div><\/div><\/div>","protected":false},"excerpt":{"rendered":"<p>N\u00f3mina WebAutogesti\u00f3n Btrix24Plataforma Colaborativa MacawGesti\u00f3n Administrativa y Operativa IssabelPortal Contact Center<\/p>","protected":false},"author":1,"featured_media":0,"parent":0,"menu_order":1,"comment_status":"closed","ping_status":"closed","template":"","meta":{"_themeisle_gutenberg_block_has_review":false,"footnotes":""},"class_list":["post-2366","page","type-page","status-publish","hentry","description-off"],"_links":{"self":[{"href":"https:\/\/soltedeco.com\/en\/wp-json\/wp\/v2\/pages\/2366","targetHints":{"allow":["GET"]}}],"collection":[{"href":"https:\/\/soltedeco.com\/en\/wp-json\/wp\/v2\/pages"}],"about":[{"href":"https:\/\/soltedeco.com\/en\/wp-json\/wp\/v2\/types\/page"}],"author":[{"embeddable":true,"href":"https:\/\/soltedeco.com\/en\/wp-json\/wp\/v2\/users\/1"}],"replies":[{"embeddable":true,"href":"https:\/\/soltedeco.com\/en\/wp-json\/wp\/v2\/comments?post=2366"}],"version-history":[{"count":8,"href":"https:\/\/soltedeco.com\/en\/wp-json\/wp\/v2\/pages\/2366\/revisions"}],"predecessor-version":[{"id":2374,"href":"https:\/\/soltedeco.com\/en\/wp-json\/wp\/v2\/pages\/2366\/revisions\/2374"}],"wp:attachment":[{"href":"https:\/\/soltedeco.com\/en\/wp-json\/wp\/v2\/media?parent=2366"}],"curies":[{"name":"wp","href":"https:\/\/api.w.org\/{rel}","templated":true}]}}