{"id":2165,"date":"2022-12-16T13:00:19","date_gmt":"2022-12-16T18:00:19","guid":{"rendered":"https:\/\/soltedeco.com\/?page_id=2165"},"modified":"2023-03-27T15:52:47","modified_gmt":"2023-03-27T20:52:47","slug":"servicios","status":"publish","type":"page","link":"https:\/\/soltedeco.com\/en\/servicios\/","title":{"rendered":"Services"},"content":{"rendered":"<div class=\"vc_row wpb_row vc_row-fluid vc_custom_1671215082078 vc_row-o-equal-height vc_row-flex\"><div class=\"wpb_column vc_column_container vc_col-sm-12\"><div class=\"vc_column-inner\"><div class=\"wpb_wrapper\"><div id=\"ultimate-heading-60869e7581c0367c\" class=\"uvc-heading ult-adjust-bottom-margin ultimate-heading-60869e7581c0367c uvc-1176\" data-hspacer=\"no_spacer\"  data-halign=\"center\" style=\"text-align:center\"><div class=\"uvc-heading-spacer no_spacer\" style=\"top\"><\/div><div class=\"uvc-main-heading ult-responsive\"  data-ultimate-target='.uvc-heading.ultimate-heading-60869e7581c0367c h2'  data-responsive-json-new='{\"font-size\":\"desktop:44px;\",\"line-height\":\"desktop:54px;\"}' ><h2 style=\"font-weight:bold;margin-bottom:65px;\">Services<\/h2><\/div><\/div><div class=\"vc_row wpb_row vc_inner vc_row-fluid\"><div class=\"wpb_column vc_column_container vc_col-sm-4\"><div class=\"vc_column-inner\"><div class=\"wpb_wrapper\"><div id=\"ultimate-heading-145169e7581c03a44\" class=\"uvc-heading ult-adjust-bottom-margin ultimate-heading-145169e7581c03a44 uvc-4020  uvc-heading-default-font-sizes\" data-hspacer=\"no_spacer\"  data-halign=\"center\" style=\"text-align:center\"><div class=\"uvc-heading-spacer no_spacer\" style=\"top\"><\/div><div class=\"uvc-main-heading ult-responsive\"  data-ultimate-target='.uvc-heading.ultimate-heading-145169e7581c03a44 h2'  data-responsive-json-new='{\"font-size\":\"\",\"line-height\":\"\"}' ><h2 style=\"--font-weight:theme;\">Outsourcing Contact Center<\/h2><\/div><\/div>\n\t<div  class=\"wpb_single_image wpb_content_element vc_align_center  wpb_animate_when_almost_visible wpb_fadeIn fadeIn\">\n\t\t\n\t\t<figure class=\"wpb_wrapper vc_figure\">\n\t\t\t<a href=\"https:\/\/soltedeco.com\/en\/outsourcing-contact-center\/\" target=\"_self\"  class=\"vc_single_image-wrapper vc_box_rounded  vc_box_border_grey rollover\" data-large_image_width=\"1024\" data-large_image_height = \"640\"     ><img loading=\"lazy\" decoding=\"async\" width=\"1600\" height=\"1000\" src=\"https:\/\/soltedeco.com\/wp-content\/uploads\/2022\/12\/Servicio-Outsourcing-Contact-Center-min.jpg\" class=\"vc_single_image-img attachment-full\" alt=\"\" title=\"Servicio-Outsourcing Contact Center-min\" srcset=\"https:\/\/soltedeco.com\/wp-content\/uploads\/2022\/12\/Servicio-Outsourcing-Contact-Center-min.jpg 1600w, https:\/\/soltedeco.com\/wp-content\/uploads\/2022\/12\/Servicio-Outsourcing-Contact-Center-min-300x188.jpg 300w, https:\/\/soltedeco.com\/wp-content\/uploads\/2022\/12\/Servicio-Outsourcing-Contact-Center-min-1024x640.jpg 1024w, https:\/\/soltedeco.com\/wp-content\/uploads\/2022\/12\/Servicio-Outsourcing-Contact-Center-min-768x480.jpg 768w, https:\/\/soltedeco.com\/wp-content\/uploads\/2022\/12\/Servicio-Outsourcing-Contact-Center-min-1536x960.jpg 1536w\" sizes=\"auto, (max-width: 1600px) 100vw, 1600px\"  data-dt-location=\"https:\/\/soltedeco.com\/en\/servicios\/servicio-outsourcing-contact-center-min\/\" \/><\/a>\n\t\t<\/figure>\n\t<\/div>\n\n\t<div class=\"wpb_text_column wpb_content_element\" >\n\t\t<div class=\"wpb_wrapper\">\n\t\t\t<p><span style=\"font-weight: 400;\">We provide customized services to achieve\u00a0<\/span><span style=\"font-weight: 400;\">effective customer contacts and achieve our partners' objectives.<\/span><\/p>\n\n\t\t<\/div>\n\t<\/div>\n<\/div><\/div><\/div><div class=\"wpb_column vc_column_container vc_col-sm-4\"><div class=\"vc_column-inner\"><div class=\"wpb_wrapper\"><div id=\"ultimate-heading-560169e7581c04548\" class=\"uvc-heading ult-adjust-bottom-margin ultimate-heading-560169e7581c04548 uvc-3082  uvc-heading-default-font-sizes\" data-hspacer=\"no_spacer\"  data-halign=\"center\" style=\"text-align:center\"><div class=\"uvc-heading-spacer no_spacer\" style=\"top\"><\/div><div class=\"uvc-main-heading ult-responsive\"  data-ultimate-target='.uvc-heading.ultimate-heading-560169e7581c04548 h2'  data-responsive-json-new='{\"font-size\":\"\",\"line-height\":\"\"}' ><h2 style=\"--font-weight:theme;\">Sales<\/h2><\/div><\/div>\n\t<div  class=\"wpb_single_image wpb_content_element vc_align_center  wpb_animate_when_almost_visible wpb_fadeIn fadeIn\">\n\t\t\n\t\t<figure class=\"wpb_wrapper vc_figure\">\n\t\t\t<a href=\"https:\/\/soltedeco.com\/en\/ventas\/\" target=\"_self\"  class=\"vc_single_image-wrapper vc_box_rounded  vc_box_border_grey rollover\" data-large_image_width=\"1024\" data-large_image_height = \"640\"     ><img loading=\"lazy\" decoding=\"async\" width=\"1600\" height=\"1000\" src=\"https:\/\/soltedeco.com\/wp-content\/uploads\/2022\/12\/Servicio-Ventas-min.jpg\" class=\"vc_single_image-img attachment-full\" alt=\"\" title=\"Servicio - Ventas-min\" srcset=\"https:\/\/soltedeco.com\/wp-content\/uploads\/2022\/12\/Servicio-Ventas-min.jpg 1600w, https:\/\/soltedeco.com\/wp-content\/uploads\/2022\/12\/Servicio-Ventas-min-300x188.jpg 300w, https:\/\/soltedeco.com\/wp-content\/uploads\/2022\/12\/Servicio-Ventas-min-1024x640.jpg 1024w, https:\/\/soltedeco.com\/wp-content\/uploads\/2022\/12\/Servicio-Ventas-min-768x480.jpg 768w, https:\/\/soltedeco.com\/wp-content\/uploads\/2022\/12\/Servicio-Ventas-min-1536x960.jpg 1536w\" sizes=\"auto, (max-width: 1600px) 100vw, 1600px\"  data-dt-location=\"https:\/\/soltedeco.com\/en\/servicios\/servicio-ventas-min\/\" \/><\/a>\n\t\t<\/figure>\n\t<\/div>\n\n\t<div class=\"wpb_text_column wpb_content_element\" >\n\t\t<div class=\"wpb_wrapper\">\n\t\t\t<p><span style=\"font-weight: 400;\">We help our partners to achieve their business objectives through <\/span><span style=\"font-weight: 400;\">our extensive nationwide distribution network.<\/span><\/p>\n\n\t\t<\/div>\n\t<\/div>\n<\/div><\/div><\/div><div class=\"wpb_column vc_column_container vc_col-sm-4\"><div class=\"vc_column-inner\"><div class=\"wpb_wrapper\"><div id=\"ultimate-heading-262369e7581c04da7\" class=\"uvc-heading ult-adjust-bottom-margin ultimate-heading-262369e7581c04da7 uvc-2541  uvc-heading-default-font-sizes\" data-hspacer=\"no_spacer\"  data-halign=\"center\" style=\"text-align:center\"><div class=\"uvc-heading-spacer no_spacer\" style=\"top\"><\/div><div class=\"uvc-main-heading ult-responsive\"  data-ultimate-target='.uvc-heading.ultimate-heading-262369e7581c04da7 h2'  data-responsive-json-new='{\"font-size\":\"\",\"line-height\":\"\"}' ><h2 style=\"--font-weight:theme;\">Technical services<\/h2><\/div><\/div>\n\t<div  class=\"wpb_single_image wpb_content_element vc_align_center  wpb_animate_when_almost_visible wpb_fadeIn fadeIn\">\n\t\t\n\t\t<figure class=\"wpb_wrapper vc_figure\">\n\t\t\t<a href=\"https:\/\/soltedeco.com\/en\/servicios-tecnicos\/\" target=\"_self\"  class=\"vc_single_image-wrapper vc_box_rounded  vc_box_border_grey rollover\" data-large_image_width=\"1024\" data-large_image_height = \"640\"     ><img loading=\"lazy\" decoding=\"async\" width=\"1600\" height=\"1000\" src=\"https:\/\/soltedeco.com\/wp-content\/uploads\/2023\/03\/Servicio-tecnico-min.jpg\" class=\"vc_single_image-img attachment-full\" alt=\"\" title=\"Servicio tecnico-min\" srcset=\"https:\/\/soltedeco.com\/wp-content\/uploads\/2023\/03\/Servicio-tecnico-min.jpg 1600w, https:\/\/soltedeco.com\/wp-content\/uploads\/2023\/03\/Servicio-tecnico-min-300x188.jpg 300w, https:\/\/soltedeco.com\/wp-content\/uploads\/2023\/03\/Servicio-tecnico-min-1024x640.jpg 1024w, https:\/\/soltedeco.com\/wp-content\/uploads\/2023\/03\/Servicio-tecnico-min-768x480.jpg 768w, https:\/\/soltedeco.com\/wp-content\/uploads\/2023\/03\/Servicio-tecnico-min-1536x960.jpg 1536w, https:\/\/soltedeco.com\/wp-content\/uploads\/2023\/03\/Servicio-tecnico-min-18x12.jpg 18w\" sizes=\"auto, (max-width: 1600px) 100vw, 1600px\"  data-dt-location=\"https:\/\/soltedeco.com\/en\/servicios\/servicio-tecnico-min\/\" \/><\/a>\n\t\t<\/figure>\n\t<\/div>\n\n\t<div class=\"wpb_text_column wpb_content_element\" >\n\t\t<div class=\"wpb_wrapper\">\n\t\t\t<p>With our company you can outsource your television and internet installation services, this process will be supported with more than 20 years of experience in the field.<span style=\"font-weight: 400;\">.<\/span><\/p>\n\n\t\t<\/div>\n\t<\/div>\n<\/div><\/div><\/div><\/div><\/div><\/div><\/div><\/div>","protected":false},"excerpt":{"rendered":"<p>ServiciosOutsourcing Contact Center Prestamos servicios a la medida para lograr\u00a0contactos efectivos con los clientes y alcanzar los objetivos de nuestros aliados. Ventas Ayudamos a nuestros aliados a alcanzar sus objetivos comerciales a trave\u0301s de nuestra amplia red de distribucio\u0301n a nivel nacional. Servicios T\u00e9cnicos Con nuestra compa\u00f1\u00eda puedes tercerizar tus servicios de instalaci\u00f3n de televisi\u00f3n&hellip;<\/p>","protected":false},"author":1,"featured_media":0,"parent":0,"menu_order":20,"comment_status":"closed","ping_status":"closed","template":"","meta":{"_themeisle_gutenberg_block_has_review":false,"footnotes":""},"class_list":["post-2165","page","type-page","status-publish","hentry","description-off"],"_links":{"self":[{"href":"https:\/\/soltedeco.com\/en\/wp-json\/wp\/v2\/pages\/2165","targetHints":{"allow":["GET"]}}],"collection":[{"href":"https:\/\/soltedeco.com\/en\/wp-json\/wp\/v2\/pages"}],"about":[{"href":"https:\/\/soltedeco.com\/en\/wp-json\/wp\/v2\/types\/page"}],"author":[{"embeddable":true,"href":"https:\/\/soltedeco.com\/en\/wp-json\/wp\/v2\/users\/1"}],"replies":[{"embeddable":true,"href":"https:\/\/soltedeco.com\/en\/wp-json\/wp\/v2\/comments?post=2165"}],"version-history":[{"count":28,"href":"https:\/\/soltedeco.com\/en\/wp-json\/wp\/v2\/pages\/2165\/revisions"}],"predecessor-version":[{"id":2392,"href":"https:\/\/soltedeco.com\/en\/wp-json\/wp\/v2\/pages\/2165\/revisions\/2392"}],"wp:attachment":[{"href":"https:\/\/soltedeco.com\/en\/wp-json\/wp\/v2\/media?parent=2165"}],"curies":[{"name":"wp","href":"https:\/\/api.w.org\/{rel}","templated":true}]}}